{"id":395,"date":"2023-05-30T21:57:58","date_gmt":"2023-05-30T21:57:58","guid":{"rendered":"https:\/\/accommunity.net\/?post_type=product&#038;p=395"},"modified":"2023-06-10T14:37:33","modified_gmt":"2023-06-10T14:37:33","slug":"ingiltere-koli-paketi-2","status":"publish","type":"product","link":"https:\/\/accommunity.net\/?product=ingiltere-koli-paketi-2","title":{"rendered":"\u0130ngiltere Koli Paketi-2"},"content":{"rendered":"<p><u>\u00d6NEML\u0130 NOTLAR:<\/u><\/p>\n<p>*PAKETLER US, SG, AE PAZARLARINI KAPSAMAMAKTADIR.<\/p>\n<p>*<strong><u>\u00d6DEME YAPILMADAN \u00d6NCE A\u00c7IKLAMA KISMINA S\u0130PAR\u0130\u015e NUMARASI VE SATI\u015e YAPILACAK \u0130LG\u0130L\u0130 \u00dcLKE YAZILMALIDIR<\/u><\/strong>.<\/p>\n<p>*\u00d6DEMELER \u00dcYEL\u0130K \u0130\u015eLEM\u0130 SONRASINDA SE\u00c7\u0130LEN PAKET \u00dcZER\u0130NDEN PE\u015e\u0130N OLARAK TAHS\u0130L ED\u0130L\u0130R. \u00d6DEME YAPILMADAN HERHANG\u0130 B\u0130R PAKET VEYA KOL\u0130 PAYLA\u015eIMI YAPILMAMAKTADIR.<\/p>\n<p>*PAYLA\u015eILAN ASIN&#8217;LER PAYLA\u015eILDI\u011eI G\u00dcN\u00dcN ALI\u015e VE SATI\u015e F\u0130YATLARINI G\u00d6STER\u0130R. SONRASINDA OLU\u015eAB\u0130LECEK F\u0130YAT DE\u011e\u0130\u015e\u0130KL\u0130KLER\u0130NDE VEYA OLASI REKABETTE ASIN DE\u011e\u0130\u015eT\u0130RME \u0130\u015eLEM\u0130 YAPILMAZ.<\/p>\n<p>* PAKETLER \u0130\u00c7\u0130NDE YER ALAN ASIN&#8217;LER MA\u011eAZAYA \u00d6ZEL OLUP 3. B\u0130R K\u0130\u015e\u0130 VEYA MA\u011eAZA \u0130LE PAYLA\u015eILMAZ.<\/p>\n<p><u>ASIN DE\u011e\u0130\u015e\u0130KL\u0130\u011e\u0130 YAPILAN DURUMLAR<\/u>:<\/p>\n<p>*Envantere eklenirken <strong>EN AZ 10 ADET ve \u00dcZER\u0130 FATURALAR HAR\u0130C\u0130NDE B\u0130R BELGE TALEB\u0130 OLDU\u011eUNDA<\/strong> ilgili ASIN en ge\u00e7 2 g\u00fcn i\u00e7inde de\u011fi\u015ftirilir.<\/p>\n<p>*Sunulan ASIN\u2019in istenen \u00fclkede sat\u0131\u015fa kapanm\u0131\u015f olmas\u0131 durumunda ASIN en ge\u00e7 2 g\u00fcn i\u00e7inde de\u011fi\u015ftirilir.<\/p>\n","protected":false},"excerpt":{"rendered":"<p>%40 Kar Marj\u0131<\/p>\n<p>Min. 6 \/ Max. 12 ASIN\u2019lik KOL\u0130<\/p>\n<p>-Sat\u0131n al\u0131nan paket, al\u0131nd\u0131\u011f\u0131 g\u00fcne takiben 7 g\u00fcn i\u00e7inde eksizsiz teslim edilir.<\/p>\n<p>&#8211; FBA modeli i\u00e7in tasarlanm\u0131\u015ft\u0131r.<\/p>\n<p>&#8211; Kendi kategorilerinde BSR s\u0131ralamas\u0131 y\u00fcksek olan \u00fcr\u00fcnler i\u00e7erir.<\/p>\n","protected":false},"featured_media":473,"comment_status":"open","ping_status":"closed","template":"","meta":{"_eb_attr":"","om_disable_all_campaigns":false,"_mi_skip_tracking":false},"product_cat":[21],"product_tag":[],"aioseo_notices":[],"_links":{"self":[{"href":"https:\/\/accommunity.net\/index.php?rest_route=\/wp\/v2\/product\/395"}],"collection":[{"href":"https:\/\/accommunity.net\/index.php?rest_route=\/wp\/v2\/product"}],"about":[{"href":"https:\/\/accommunity.net\/index.php?rest_route=\/wp\/v2\/types\/product"}],"replies":[{"embeddable":true,"href":"https:\/\/accommunity.net\/index.php?rest_route=%2Fwp%2Fv2%2Fcomments&post=395"}],"wp:featuredmedia":[{"embeddable":true,"href":"https:\/\/accommunity.net\/index.php?rest_route=\/wp\/v2\/media\/473"}],"wp:attachment":[{"href":"https:\/\/accommunity.net\/index.php?rest_route=%2Fwp%2Fv2%2Fmedia&parent=395"}],"wp:term":[{"taxonomy":"product_cat","embeddable":true,"href":"https:\/\/accommunity.net\/index.php?rest_route=%2Fwp%2Fv2%2Fproduct_cat&post=395"},{"taxonomy":"product_tag","embeddable":true,"href":"https:\/\/accommunity.net\/index.php?rest_route=%2Fwp%2Fv2%2Fproduct_tag&post=395"}],"curies":[{"name":"wp","href":"https:\/\/api.w.org\/{rel}","templated":true}]}}